{"id":119,"date":"2017-12-20T21:49:44","date_gmt":"2017-12-20T21:49:44","guid":{"rendered":"https:\/\/pedaljunkie.de\/?page_id=119"},"modified":"2020-06-11T18:42:50","modified_gmt":"2020-06-11T18:42:50","slug":"impressum","status":"publish","type":"page","link":"https:\/\/pedaljunkie.de\/?page_id=119","title":{"rendered":"Impressum"},"content":{"rendered":"<header class=\"entry-header\">\n<h4 style=\"text-align: justify;\"><span style=\"font-family: arial, helvetica, sans-serif; color: #003366;\">Inhaltlich verantworlich gem\u00e4\u00df $5 TMG:<\/span><\/h4>\n<\/header>\n<div class=\"entry-content\" style=\"text-align: justify;\">\n<p><span style=\"font-family: arial, helvetica, sans-serif; color: #003366;\"><strong>Eva Schneider<\/strong><\/span><\/p>\n<p><span style=\"font-family: arial, helvetica, sans-serif; color: #003366;\">40595 D\u00fcsseldorf<\/span><\/p>\n<p><span style=\"font-family: arial, helvetica, sans-serif; color: #003366;\"><strong>Kontakt:<\/strong><\/span><\/p>\n<p><span style=\"font-family: arial, helvetica, sans-serif; color: #003366;\">E-Mail: evaanneschneider @ googlemail.com<\/span><\/p>\n<div><span style=\"font-family: arial, helvetica, sans-serif; color: #003366;\">\u00a0<\/span><\/div>\n<p><span style=\"font-family: arial, helvetica, sans-serif; color: #003366;\">Ihre Fragen und Anmerkungen sind jederzeit willkommen.<\/span><\/p>\n<\/div>\n<p style=\"text-align: justify;\"><span style=\"font-family: arial, helvetica, sans-serif; color: #003366;\"><strong>Haftung f\u00fcr Inhalte<\/strong><\/span><\/p>\n<p style=\"text-align: justify;\"><span style=\"font-family: arial, helvetica, sans-serif; color: #003366;\">Die Inhalte unserer Seiten wurden mit gr\u00f6\u00dfter Sorgfalt erstellt.\u00a0<\/span><span style=\"font-family: arial, helvetica, sans-serif; color: #003366;\">F\u00fcr die Richtigkeit, Vollst\u00e4ndigkeit und Aktualit\u00e4t der Inhalte\u00a0<\/span><span style=\"font-family: arial, helvetica, sans-serif; color: #003366;\">k\u00f6nnen wir jedoch keine Gew\u00e4hr \u00fcbernehmen. Als Diensteanbieter sind wir gem\u00e4\u00df \u00a7 7 Abs.1 TMG f\u00fcr\u00a0<\/span><span style=\"font-family: arial, helvetica, sans-serif; color: #003366;\">eigene Inhalte auf diesen Seiten nach den allgemeinen Gesetzen verantwortlich.\u00a0<\/span><span style=\"font-family: arial, helvetica, sans-serif; color: #003366;\">Nach \u00a7\u00a7 8 bis 10 TMG sind wir als Diensteanbieter jedoch nicht\u00a0<\/span><span style=\"font-family: arial, helvetica, sans-serif; color: #003366;\">verpflichtet, \u00fcbermittelte oder gespeicherte fremde Informationen zu\u00a0<\/span><span style=\"font-family: arial, helvetica, sans-serif; color: #003366;\">\u00fcberwachen oder nach Umst\u00e4nden zu forschen, die auf eine rechtswidrige\u00a0<\/span><span style=\"font-family: arial, helvetica, sans-serif; color: #003366;\">T\u00e4tigkeit hinweisen. Verpflichtungen zur Entfernung oder Sperrung der\u00a0<\/span><span style=\"font-family: arial, helvetica, sans-serif; color: #003366;\">Nutzung von Informationen nach den allgemeinen Gesetzen bleiben hiervon\u00a0<\/span><span style=\"font-family: arial, helvetica, sans-serif; color: #003366;\">unber\u00fchrt. Eine diesbez\u00fcgliche Haftung ist jedoch erst ab dem\u00a0<\/span><span style=\"font-family: arial, helvetica, sans-serif; color: #003366;\">Zeitpunkt der Kenntnis einer konkreten Rechtsverletzung m\u00f6glich. Bei\u00a0<\/span><span style=\"font-family: arial, helvetica, sans-serif; color: #003366;\">Bekanntwerden von entsprechenden Rechtsverletzungen werden wir diese Inhalte\u00a0<\/span><span style=\"font-family: arial, helvetica, sans-serif; color: #003366;\">umgehend entfernen.<\/span><\/p>\n<p style=\"text-align: justify;\"><span style=\"font-family: arial, helvetica, sans-serif; color: #003366;\"><strong>Haftung f\u00fcr Links<\/strong><\/span><\/p>\n<p style=\"text-align: justify;\"><span style=\"font-family: arial, helvetica, sans-serif; color: #003366;\">Unser Angebot enth\u00e4lt Links zu externen Webseiten Dritter, auf deren\u00a0<\/span><span style=\"font-family: arial, helvetica, sans-serif; color: #003366;\">Inhalte wir keinen Einfluss haben. Deshalb k\u00f6nnen wir f\u00fcr diese\u00a0<\/span><span style=\"font-family: arial, helvetica, sans-serif; color: #003366;\">fremden Inhalte auch keine Gew\u00e4hr \u00fcbernehmen. F\u00fcr die Inhalte\u00a0<\/span><span style=\"font-family: arial, helvetica, sans-serif; color: #003366;\">der verlinkten Seiten ist stets der jeweilige Anbieter oder Betreiber der\u00a0<\/span><span style=\"font-family: arial, helvetica, sans-serif; color: #003366;\">Seiten verantwortlich. Die verlinkten Seiten wurden zum Zeitpunkt der Verlinkung\u00a0<\/span><span style=\"font-family: arial, helvetica, sans-serif; color: #003366;\">auf m\u00f6gliche Rechtsverst\u00f6\u00dfe \u00fcberpr\u00fcft. Rechtswidrige\u00a0<\/span><span style=\"font-family: arial, helvetica, sans-serif; color: #003366;\">Inhalte waren zum Zeitpunkt der Verlinkung nicht erkennbar. Eine permanente\u00a0<\/span><span style=\"font-family: arial, helvetica, sans-serif; color: #003366;\">inhaltliche Kontrolle der verlinkten Seiten ist jedoch ohne konkrete Anhaltspunkte\u00a0<\/span><span style=\"font-family: arial, helvetica, sans-serif; color: #003366;\">einer Rechtsverletzung nicht zumutbar. Bei Bekanntwerden von Rechtsverletzungen\u00a0<\/span><span style=\"font-family: arial, helvetica, sans-serif; color: #003366;\">werden wir derartige Links umgehend entfernen.<\/span><\/p>\n<p><span style=\"color: #ffffff;\">alt<\/span><\/p>\n<p><span style=\"font-family: arial, helvetica, sans-serif; font-size: 16px; color: #003366;\"><strong>Datenschutz<\/strong><\/span><\/p>\n<p style=\"text-align: justify;\"><span style=\"font-family: arial, helvetica, sans-serif; font-size: 16px; color: #003366;\">Die Nutzung unserer Webseite ist in der Regel ohne Angabe personenbezogener Daten m\u00f6glich. Soweit auf unseren Seiten personenbezogene Daten (beispielsweise Name, <\/span><span style=\"font-family: arial, helvetica, sans-serif; font-size: 16px; color: #003366;\">Anschrift oder eMail-Adressen) erhoben werden, erfolgt dies, soweit m\u00f6glich, stets auf freiwilliger Basis. Diese Daten werden ohne Ihre ausdr\u00fcckliche Zustimmung nicht an Dritte weitergegeben.\u00a0<\/span><span style=\"font-family: arial, helvetica, sans-serif; font-size: 16px; color: #003366;\">Wir weisen darauf hin, dass die Daten\u00fcbertragung im Internet (z.B. <\/span><span style=\"font-family: arial, helvetica, sans-serif; font-size: 16px; color: #003366;\">bei der Kommunikation per E-Mail) Sicherheitsl\u00fccken aufweisen kann. <\/span><span style=\"font-family: arial, helvetica, sans-serif; font-size: 16px; color: #003366;\">Ein l\u00fcckenloser Schutz der Daten vor dem Zugriff durch Dritte ist nicht <\/span><span style=\"font-family: arial, helvetica, sans-serif; font-size: 16px; color: #003366;\">m\u00f6glich.<\/span><\/p>\n<p style=\"text-align: justify;\"><span style=\"font-family: arial, helvetica, sans-serif; font-size: 16px; color: #003366;\">Der Nutzung von im Rahmen der Impressumspflicht ver\u00f6ffentlichten Kontaktdaten <\/span><span style=\"font-family: arial, helvetica, sans-serif; font-size: 16px; color: #003366;\">durch Dritte zur \u00dcbersendung von nicht ausdr\u00fccklich angeforderter <\/span><span style=\"font-family: arial, helvetica, sans-serif; font-size: 16px; color: #003366;\">Werbung und Informationsmaterialien wird hiermit ausdr\u00fccklich widersprochen. <\/span><span style=\"font-family: arial, helvetica, sans-serif; font-size: 16px; color: #003366;\">Die Betreiber der Seiten behalten sich ausdr\u00fccklich rechtliche Schritte <\/span><span style=\"font-family: arial, helvetica, sans-serif; font-size: 16px; color: #003366;\">im Falle der unverlangten Zusendung von Werbeinformationen, etwa durch Spam-Mails, <\/span><span style=\"font-family: arial, helvetica, sans-serif; font-size: 16px; color: #003366;\">vor.<\/span><\/p>\n<p style=\"text-align: justify;\"><em>Quellen:\u00a0<a href=\"http:\/\/www.e-recht24.de\/muster-disclaimer.htm\" target=\"_blank\" rel=\"noopener noreferrer\">Disclaimer<\/a>\u00a0von eRecht24, dem Portal zum Internetrecht von Rechtsanwalt S\u00f6ren Siebert<\/em><\/p>\n","protected":false},"excerpt":{"rendered":"<p>Inhaltlich verantworlich gem\u00e4\u00df $5 TMG: Eva Schneider 40595 D\u00fcsseldorf Kontakt: E-Mail: evaanneschneider @ googlemail.com \u00a0 Ihre Fragen und Anmerkungen sind<\/p>\n","protected":false},"author":1,"featured_media":0,"parent":0,"menu_order":0,"comment_status":"closed","ping_status":"closed","template":"","meta":{"colormag_page_container_layout":"default_layout","colormag_page_sidebar_layout":"default_layout","footnotes":""},"class_list":["post-119","page","type-page","status-publish","hentry"],"_links":{"self":[{"href":"https:\/\/pedaljunkie.de\/index.php?rest_route=\/wp\/v2\/pages\/119"}],"collection":[{"href":"https:\/\/pedaljunkie.de\/index.php?rest_route=\/wp\/v2\/pages"}],"about":[{"href":"https:\/\/pedaljunkie.de\/index.php?rest_route=\/wp\/v2\/types\/page"}],"author":[{"embeddable":true,"href":"https:\/\/pedaljunkie.de\/index.php?rest_route=\/wp\/v2\/users\/1"}],"replies":[{"embeddable":true,"href":"https:\/\/pedaljunkie.de\/index.php?rest_route=%2Fwp%2Fv2%2Fcomments&post=119"}],"version-history":[{"count":8,"href":"https:\/\/pedaljunkie.de\/index.php?rest_route=\/wp\/v2\/pages\/119\/revisions"}],"predecessor-version":[{"id":1291,"href":"https:\/\/pedaljunkie.de\/index.php?rest_route=\/wp\/v2\/pages\/119\/revisions\/1291"}],"wp:attachment":[{"href":"https:\/\/pedaljunkie.de\/index.php?rest_route=%2Fwp%2Fv2%2Fmedia&parent=119"}],"curies":[{"name":"wp","href":"https:\/\/api.w.org\/{rel}","templated":true}]}}