{"id":8,"date":"2017-12-18T15:43:13","date_gmt":"2017-12-18T15:43:13","guid":{"rendered":"https:\/\/pedaljunkie.de\/?page_id=8"},"modified":"2024-03-29T14:38:51","modified_gmt":"2024-03-29T14:38:51","slug":"startseite","status":"publish","type":"page","link":"https:\/\/pedaljunkie.de\/","title":{"rendered":"Startseite"},"content":{"rendered":"<p style=\"text-align: justify;\"><span style=\"font-family: arial, helvetica, sans-serif; color: #003366;\"><br \/>\nIch kam, ich sah, ich bin\u00a0 \ud83d\ude42 !\u00a0 \u00a0 \u00a0\u00a0<\/span><\/p>\n<p><img loading=\"lazy\" decoding=\"async\" class=\"alignleft size-full wp-image-1514\" src=\"https:\/\/pedaljunkie.de\/wp-content\/uploads\/2024\/03\/margerithen1-e1711722823903.jpg\" alt=\"\" width=\"450\" height=\"600\" \/><\/p>\n<p style=\"text-align: justify;\"><span style=\"font-family: arial, helvetica, sans-serif; color: #003366;\">Links:\u00a0 Auf den H\u00f6hen im Bergischen Land, in der N\u00e4he von R\u00fcggeberg<br \/>\n<\/span><\/p>\n<p>\u00a0<span style=\"color: #ffffff;\">wei\u00df<\/span><\/p>\n<p style=\"text-align: justify;\"><span style=\"font-family: arial, helvetica, sans-serif; color: #003366;\">Das Waa-han-dern, das Waa-han-dern, das Waaaaa-haaan-dern<br \/>\n<\/span><\/p>\n<p><span style=\"color: #ffffff;\">weiss<\/span><\/p>\n<p><span style=\"color: #ffffff;\">wei\u00df<\/span><\/p>\n<p style=\"text-align: justify;\"><span style=\"font-family: arial, helvetica, sans-serif; color: #003366;\">Ich w\u00fcnsche Allen stets einen guten Schritt und Tritt,\u00a0 und vor allem sichere Heimkehr \ud83d\ude42\u00a0 \u00a0\u00a0<\/span><\/p>\n<p style=\"text-align: justify;\"><span style=\"color: #003366; font-family: arial, helvetica, sans-serif;\">\u00a0<\/span><\/p>\n<p>&nbsp;<\/p>\n<p>&nbsp;<\/p>\n<p>&nbsp;<\/p>\n","protected":false},"excerpt":{"rendered":"<p>Ich kam, ich sah, ich bin\u00a0 \ud83d\ude42 !\u00a0 \u00a0 \u00a0\u00a0 Links:\u00a0 Auf den H\u00f6hen im Bergischen Land, in der N\u00e4he<\/p>\n","protected":false},"author":1,"featured_media":0,"parent":0,"menu_order":0,"comment_status":"closed","ping_status":"closed","template":"","meta":{"colormag_page_container_layout":"default_layout","colormag_page_sidebar_layout":"default_layout","footnotes":""},"class_list":["post-8","page","type-page","status-publish","hentry"],"_links":{"self":[{"href":"https:\/\/pedaljunkie.de\/index.php?rest_route=\/wp\/v2\/pages\/8"}],"collection":[{"href":"https:\/\/pedaljunkie.de\/index.php?rest_route=\/wp\/v2\/pages"}],"about":[{"href":"https:\/\/pedaljunkie.de\/index.php?rest_route=\/wp\/v2\/types\/page"}],"author":[{"embeddable":true,"href":"https:\/\/pedaljunkie.de\/index.php?rest_route=\/wp\/v2\/users\/1"}],"replies":[{"embeddable":true,"href":"https:\/\/pedaljunkie.de\/index.php?rest_route=%2Fwp%2Fv2%2Fcomments&post=8"}],"version-history":[{"count":69,"href":"https:\/\/pedaljunkie.de\/index.php?rest_route=\/wp\/v2\/pages\/8\/revisions"}],"predecessor-version":[{"id":1515,"href":"https:\/\/pedaljunkie.de\/index.php?rest_route=\/wp\/v2\/pages\/8\/revisions\/1515"}],"wp:attachment":[{"href":"https:\/\/pedaljunkie.de\/index.php?rest_route=%2Fwp%2Fv2%2Fmedia&parent=8"}],"curies":[{"name":"wp","href":"https:\/\/api.w.org\/{rel}","templated":true}]}}